{"id":529,"date":"2021-03-21T15:36:59","date_gmt":"2021-03-21T19:36:59","guid":{"rendered":"https:\/\/geoweb.lemig.umontreal.ca\/geolibre\/?page_id=529"},"modified":"2022-03-04T11:59:45","modified_gmt":"2022-03-04T16:59:45","slug":"les-prix-coup-de-coeur-geolibre","status":"publish","type":"page","link":"https:\/\/geoweb.cedvs.umontreal.ca\/geolibre\/index.php\/les-prix-coup-de-coeur-geolibre\/","title":{"rendered":"Les \u00ab coups de c\u0153ur \u00bb G\u00e9oLibre"},"content":{"rendered":"\n<h1 class=\"has-large-font-size wp-block-heading\"><strong>R\u00e9sultats des prix \u00ab coup de c\u0153ur \u00bb de la deuxi\u00e8me \u00e9dition<\/strong><\/h1>\n\n\n\n<p>G\u00e9oLibre f\u00e9licite <strong>Mariam El-Amine <\/strong>et<strong> Nia Perron<\/strong> pour avoir remport\u00e9 le prix <strong><strong>\u00ab&nbsp;Coup de c\u0153ur&nbsp;\u00bb<\/strong><\/strong> du public de la 2i\u00e8me \u00e9dition d&rsquo;une valeur de 100 $. Par l&rsquo;entremise d&rsquo;un r\u00e9cit plus que pertinent sur la d\u00e9colonisation de la recherche universitaire, Mariam et Nia nous racontent leur exp\u00e9rience v\u00e9cue au sein d&rsquo;un camp d\u2019\u00e9cologie et de savoirs traditionnels dans les Territoires du Nord-Ouest. Pour ceux et celles qui ne l&rsquo;ont pas encore lu, voici leur article <a rel=\"noreferrer noopener\" href=\"https:\/\/geoweb.lemig.umontreal.ca\/geolibre\/index.php\/2022\/02\/03\/sur-les-rives-du-deh-cho-a-la-confluence-entre-lecologie-et-les-savoirs-traditionnels\/\" target=\"_blank\">Sur les rives du Deh Cho : \u00e0 la confluence entre l\u2019\u00e9cologie et les savoirs traditionnels<\/a>!<\/p>\n\n\n\n<p>Nous applaudissons \u00e9galement<strong> Clo\u00e9 Fortin<\/strong>, r\u00e9cipiendaire du prix <strong>\u00ab&nbsp;Coup de c\u0153ur&nbsp;\u00bb<\/strong> du comit\u00e9 de la 2i\u00e8me \u00e9dition de G\u00e9oLibre. La fluidit\u00e9 de son r\u00e9cit et l&rsquo;harmonisation esth\u00e9tique de ses photographies nous ont impressionn\u00e9es, tout comme la clart\u00e9 avec laquelle elle expose la pertinence de la recherche participative pour aborder les d\u00e9fis environnementaux touchant les communaut\u00e9s autochtones. Allez lire son article intitul\u00e9 <a rel=\"noreferrer noopener\" href=\"https:\/\/geoweb.lemig.umontreal.ca\/geolibre\/index.php\/2022\/02\/03\/landcamp-mettre-les-pieds-sur-la-carte-2\/\" target=\"_blank\">Landcamp : mettre les pieds sur la carte<\/a>!  <\/p>\n\n\n\n<div class=\"wp-block-image\"><figure class=\"aligncenter size-full is-resized\"><img decoding=\"async\" src=\"https:\/\/geoweb.lemig.umontreal.ca\/geolibre\/wp-content\/uploads\/2022\/02\/2022-02-17_coup_de_coeur_9-2.png\" alt=\"\" class=\"wp-image-848\" width=\"-127\" height=\"-77\" srcset=\"https:\/\/geoweb.cedvs.umontreal.ca\/geolibre\/wp-content\/uploads\/2022\/02\/2022-02-17_coup_de_coeur_9-2.png 780w, https:\/\/geoweb.cedvs.umontreal.ca\/geolibre\/wp-content\/uploads\/2022\/02\/2022-02-17_coup_de_coeur_9-2-300x180.png 300w, https:\/\/geoweb.cedvs.umontreal.ca\/geolibre\/wp-content\/uploads\/2022\/02\/2022-02-17_coup_de_coeur_9-2-768x462.png 768w, https:\/\/geoweb.cedvs.umontreal.ca\/geolibre\/wp-content\/uploads\/2022\/02\/2022-02-17_coup_de_coeur_9-2-450x271.png 450w\" sizes=\"(max-width: 780px) 100vw, 780px\" \/><figcaption>C\u00e9r\u00e9monie de remise des prix \u00ab Coup de c\u0153ur \u00bb de la 2i\u00e8me \u00e9dition. Plateforme interactive Gather, le 17 f\u00e9vrier 2022<\/figcaption><\/figure><\/div>\n\n\n\n<hr class=\"wp-block-separator\"\/>\n\n\n\n<h1 class=\"has-large-font-size wp-block-heading\"><strong>R\u00e9sultats des prix \u00ab coup de c\u0153ur \u00bb de la premi\u00e8re \u00e9dition<\/strong><\/h1>\n\n\n\n<p>Nous souhaitons f\u00e9liciter <strong>Gautier Davesne<\/strong> pour avoir remport\u00e9 le prix <strong><strong>\u00ab&nbsp;Coup de c\u0153ur&nbsp;\u00bb<\/strong><\/strong> du public de la 1\u00e8re \u00e9dition d&rsquo;une valeur de 100 $. Par l&rsquo;entremise d&rsquo;un r\u00e9cit envo\u00fbtant, Gautier nous fait voyager jusqu&rsquo;aux limites septentrionales de l&rsquo;archipel arctique canadien. Pour ceux et celles qui ne l&rsquo;ont pas encore lu, allez lire son article intitul\u00e9 <a rel=\"noreferrer noopener\" href=\"https:\/\/geoweb.lemig.umontreal.ca\/geolibre\/index.php\/2021\/02\/18\/cap-vers-le-toit-du-monde\/\" data-type=\"URL\" data-id=\"https:\/\/geoweb.lemig.umontreal.ca\/geolibre\/index.php\/2021\/02\/18\/cap-vers-le-toit-du-monde\/\" target=\"_blank\">Cap vers le \u00ab\u00a0toit du monde\u00a0\u00bb<\/a>!<\/p>\n\n\n\n<p>Nous tenons \u00e9galement \u00e0 congratuler<strong> Simone Caron<\/strong>, r\u00e9cipiendaire du prix <strong>\u00ab&nbsp;Coup de c\u0153ur&nbsp;\u00bb<\/strong> du comit\u00e9 pour son article paru lors de la 1\u00e8re \u00e9dition de G\u00e9oLibre. Nous avons appr\u00e9ci\u00e9 l&rsquo;habilet\u00e9 avec laquelle Simone nous a d\u00e9cortiqu\u00e9 et rendu accessible les enjeux globaux reli\u00e9s \u00e0 l&rsquo;antibior\u00e9sistance, lesquels ne font pas partie de sa recherche de ma\u00eetrise. Son article intitul\u00e9 <a href=\"https:\/\/geoweb.lemig.umontreal.ca\/geolibre\/index.php\/2021\/02\/18\/les-politiques-stagnent-mais-les-bacteries-nattendent-pas\/\" data-type=\"post\" data-id=\"62\">Les politiques stagnent, mais les bact\u00e9ries n\u2019attendent pas<\/a> est toujours disponible sur notre page web. Allez voir!<\/p>\n\n\n\n<div class=\"wp-block-image\"><figure class=\"aligncenter size-large\"><img loading=\"lazy\" decoding=\"async\" width=\"675\" height=\"492\" src=\"https:\/\/geoweb.lemig.umontreal.ca\/geolibre\/wp-content\/uploads\/2021\/04\/169702635_293030868858949_5728013001730457295_n.png\" alt=\"\" class=\"wp-image-569\" srcset=\"https:\/\/geoweb.cedvs.umontreal.ca\/geolibre\/wp-content\/uploads\/2021\/04\/169702635_293030868858949_5728013001730457295_n.png 675w, https:\/\/geoweb.cedvs.umontreal.ca\/geolibre\/wp-content\/uploads\/2021\/04\/169702635_293030868858949_5728013001730457295_n-300x219.png 300w, https:\/\/geoweb.cedvs.umontreal.ca\/geolibre\/wp-content\/uploads\/2021\/04\/169702635_293030868858949_5728013001730457295_n-450x328.png 450w\" sizes=\"auto, (max-width: 675px) 100vw, 675px\" \/><figcaption>C\u00e9r\u00e9monie de remise des prix \u00ab Coup de c\u0153ur \u00bb de la 1\u00e8re \u00e9dition. Plateforme interactive Gather, le 11 mars 2021<\/figcaption><\/figure><\/div>\n\n\n\n<p class=\"has-text-align-center has-small-font-size\"><\/p>\n","protected":false},"excerpt":{"rendered":"<p>R\u00e9sultats des prix \u00ab coup de c\u0153ur \u00bb de la deuxi\u00e8me \u00e9dition G\u00e9oLibre f\u00e9licite Mariam El-Amine et Nia [&hellip;]<\/p>\n","protected":false},"author":4,"featured_media":0,"parent":0,"menu_order":0,"comment_status":"closed","ping_status":"closed","template":"","meta":{"footnotes":""},"class_list":["post-529","page","type-page","status-publish","hentry"],"_links":{"self":[{"href":"https:\/\/geoweb.cedvs.umontreal.ca\/geolibre\/index.php\/wp-json\/wp\/v2\/pages\/529","targetHints":{"allow":["GET"]}}],"collection":[{"href":"https:\/\/geoweb.cedvs.umontreal.ca\/geolibre\/index.php\/wp-json\/wp\/v2\/pages"}],"about":[{"href":"https:\/\/geoweb.cedvs.umontreal.ca\/geolibre\/index.php\/wp-json\/wp\/v2\/types\/page"}],"author":[{"embeddable":true,"href":"https:\/\/geoweb.cedvs.umontreal.ca\/geolibre\/index.php\/wp-json\/wp\/v2\/users\/4"}],"replies":[{"embeddable":true,"href":"https:\/\/geoweb.cedvs.umontreal.ca\/geolibre\/index.php\/wp-json\/wp\/v2\/comments?post=529"}],"version-history":[{"count":37,"href":"https:\/\/geoweb.cedvs.umontreal.ca\/geolibre\/index.php\/wp-json\/wp\/v2\/pages\/529\/revisions"}],"predecessor-version":[{"id":867,"href":"https:\/\/geoweb.cedvs.umontreal.ca\/geolibre\/index.php\/wp-json\/wp\/v2\/pages\/529\/revisions\/867"}],"wp:attachment":[{"href":"https:\/\/geoweb.cedvs.umontreal.ca\/geolibre\/index.php\/wp-json\/wp\/v2\/media?parent=529"}],"curies":[{"name":"wp","href":"https:\/\/api.w.org\/{rel}","templated":true}]}}