{"id":138,"date":"2021-01-12T18:27:20","date_gmt":"2021-01-12T23:27:20","guid":{"rendered":"https:\/\/geoweb.lemig.umontreal.ca\/geolibre\/?page_id=138"},"modified":"2022-02-02T14:36:15","modified_gmt":"2022-02-02T19:36:15","slug":"remerciements","status":"publish","type":"page","link":"https:\/\/geoweb.cedvs.umontreal.ca\/geolibre\/index.php\/remerciements\/","title":{"rendered":"Remerciements"},"content":{"rendered":"\n<p>Ce projet n&rsquo;aurait pu voir le jour sans la contribution essentielle de nos partenaires, de nos collaborateurs et de nos collaboratrices, ainsi que bien entendu de tous ceux et celles nous ayant soumis des textes.<\/p>\n\n\n\n<p>Notamment, nous remercions sinc\u00e8rement le D\u00e9partement de g\u00e9ographie de l&rsquo;Universit\u00e9 de Montr\u00e9al pour son appui financier inconditionnel \u00e0 la r\u00e9alisation de ce projet. Nous remercions \u00e9galement la Fondation ASEQ, le Fonds d&rsquo;investissement des cycles sup\u00e9rieurs de l&rsquo;Universit\u00e9 de Montr\u00e9al (FICSUM) et la F\u00e9d\u00e9ration des associations \u00e9tudiantes du campus de l&rsquo;Universit\u00e9 de Montr\u00e9al (FA\u00c9CUM) pour leur importante participation financi\u00e8re.<\/p>\n\n\n\n<p>Nous d\u00e9sirons aussi exprimer notre gratitude envers Mesdames Marie-Paule Primeau et Catherine Vaudry, respectivement r\u00e9dactrice en chef et r\u00e9viseure linguistique de la revue DIRE, pour leurs pr\u00e9cieux conseils offerts concernant l&rsquo;organisation d&rsquo;une telle entreprise.  <\/p>\n\n\n\n<p>Pour avoir permis d&rsquo;am\u00e9nager cet espace WEB, nous tenons \u00e0 remercier chaleureusement Messieurs Rodolphe Gonzal\u00e8s et Simon Lefran\u00e7ois, respectivement conseiller g\u00e9oweb et responsable des laboratoires informatiques au d\u00e9partement de g\u00e9ographie de l&rsquo;Universit\u00e9 de Montr\u00e9al.<\/p>\n\n\n\n<p>Nous voulons souligner l\u2019appui logistique de quelques personnes, notamment Nia Perron pour son aide \u00e0 l&rsquo;\u00e9bauche et \u00e0 la gestion d&rsquo;une structure comptable, Sophie Pouill\u00e9 pour sa gestion des relations entre le comit\u00e9 et les diff\u00e9rentes instances de l\u2019association, et Mariam El-Amine pour en avoir pens\u00e9 la structure organisationnelle. Ensemble, elles auront contribu\u00e9 \u00e0 faire de G\u00e9oLibre une initiative durable.<\/p>\n\n\n\n<p>Enfin, nous souhaitons saluer deux compagnons des premi\u00e8res heures du comit\u00e9, Jeffrey Katan et Simon Lebel-Desrosiers, avec qui nous avons eu de belles r\u00e9flexions sur la vision \u00e0 donner \u00e0 ce projet de revue \u00e9tudiante.<\/p>\n\n\n\n<div class=\"wp-block-group\"><div class=\"wp-block-group__inner-container is-layout-flow wp-block-group-is-layout-flow\">\n<div class=\"wp-block-columns is-layout-flex wp-container-core-columns-is-layout-9d6595d7 wp-block-columns-is-layout-flex\">\n<div class=\"wp-block-column is-layout-flow wp-block-column-is-layout-flow\" style=\"flex-basis:100%\">\n<div class=\"wp-block-image\"><figure class=\"alignright size-full is-resized\"><img loading=\"lazy\" decoding=\"async\" src=\"https:\/\/geoweb.lemig.umontreal.ca\/geolibre\/wp-content\/uploads\/2021\/01\/FICSUM_NOIR_bande-2.png\" alt=\"\" class=\"wp-image-293\" width=\"632\" height=\"200\"\/><\/figure><\/div>\n\n\n\n<figure class=\"wp-block-image size-large is-resized\"><img loading=\"lazy\" decoding=\"async\" src=\"https:\/\/geoweb.lemig.umontreal.ca\/geolibre\/wp-content\/uploads\/2021\/01\/LogoFAECUM_Officiel_Noir-copy-1-1024x736.png\" alt=\"\" class=\"wp-image-294\" width=\"173\" height=\"125\" srcset=\"https:\/\/geoweb.cedvs.umontreal.ca\/geolibre\/wp-content\/uploads\/2021\/01\/LogoFAECUM_Officiel_Noir-copy-1-1024x736.png 1024w, https:\/\/geoweb.cedvs.umontreal.ca\/geolibre\/wp-content\/uploads\/2021\/01\/LogoFAECUM_Officiel_Noir-copy-1-300x216.png 300w, https:\/\/geoweb.cedvs.umontreal.ca\/geolibre\/wp-content\/uploads\/2021\/01\/LogoFAECUM_Officiel_Noir-copy-1-768x552.png 768w, https:\/\/geoweb.cedvs.umontreal.ca\/geolibre\/wp-content\/uploads\/2021\/01\/LogoFAECUM_Officiel_Noir-copy-1-450x323.png 450w, https:\/\/geoweb.cedvs.umontreal.ca\/geolibre\/wp-content\/uploads\/2021\/01\/LogoFAECUM_Officiel_Noir-copy-1-835x600.png 835w, https:\/\/geoweb.cedvs.umontreal.ca\/geolibre\/wp-content\/uploads\/2021\/01\/LogoFAECUM_Officiel_Noir-copy-1.png 1191w\" sizes=\"auto, (max-width: 173px) 100vw, 173px\" \/><\/figure>\n<\/div>\n<\/div>\n\n\n\n<div class=\"wp-block-group\"><div class=\"wp-block-group__inner-container is-layout-flow wp-block-group-is-layout-flow\">\n<div class=\"wp-block-group\"><div class=\"wp-block-group__inner-container is-layout-flow wp-block-group-is-layout-flow\">\n<div class=\"wp-block-image\"><figure class=\"alignright size-full is-resized\"><img loading=\"lazy\" decoding=\"async\" src=\"https:\/\/geoweb.lemig.umontreal.ca\/geolibre\/wp-content\/uploads\/2021\/01\/logo_udem_geo.jpg\" alt=\"\" class=\"wp-image-379\" width=\"492\" height=\"84\" srcset=\"https:\/\/geoweb.cedvs.umontreal.ca\/geolibre\/wp-content\/uploads\/2021\/01\/logo_udem_geo.jpg 467w, https:\/\/geoweb.cedvs.umontreal.ca\/geolibre\/wp-content\/uploads\/2021\/01\/logo_udem_geo-300x51.jpg 300w, https:\/\/geoweb.cedvs.umontreal.ca\/geolibre\/wp-content\/uploads\/2021\/01\/logo_udem_geo-450x77.jpg 450w\" sizes=\"auto, (max-width: 492px) 100vw, 492px\" \/><\/figure><\/div>\n\n\n\n<div class=\"wp-block-group\"><div class=\"wp-block-group__inner-container is-layout-flow wp-block-group-is-layout-flow\">\n<figure class=\"wp-block-image size-large is-resized\"><img loading=\"lazy\" decoding=\"async\" src=\"https:\/\/geoweb.lemig.umontreal.ca\/geolibre\/wp-content\/uploads\/2021\/05\/fondation_logo_FR_2017_couleurs-833x1024.png\" alt=\"\" class=\"wp-image-583\" width=\"166\" height=\"204\" srcset=\"https:\/\/geoweb.cedvs.umontreal.ca\/geolibre\/wp-content\/uploads\/2021\/05\/fondation_logo_FR_2017_couleurs-833x1024.png 833w, https:\/\/geoweb.cedvs.umontreal.ca\/geolibre\/wp-content\/uploads\/2021\/05\/fondation_logo_FR_2017_couleurs-244x300.png 244w, https:\/\/geoweb.cedvs.umontreal.ca\/geolibre\/wp-content\/uploads\/2021\/05\/fondation_logo_FR_2017_couleurs-768x944.png 768w, https:\/\/geoweb.cedvs.umontreal.ca\/geolibre\/wp-content\/uploads\/2021\/05\/fondation_logo_FR_2017_couleurs-1249x1536.png 1249w, https:\/\/geoweb.cedvs.umontreal.ca\/geolibre\/wp-content\/uploads\/2021\/05\/fondation_logo_FR_2017_couleurs-1666x2048.png 1666w, https:\/\/geoweb.cedvs.umontreal.ca\/geolibre\/wp-content\/uploads\/2021\/05\/fondation_logo_FR_2017_couleurs-450x553.png 450w, https:\/\/geoweb.cedvs.umontreal.ca\/geolibre\/wp-content\/uploads\/2021\/05\/fondation_logo_FR_2017_couleurs-1024x1259.png 1024w, https:\/\/geoweb.cedvs.umontreal.ca\/geolibre\/wp-content\/uploads\/2021\/05\/fondation_logo_FR_2017_couleurs-488x600.png 488w\" sizes=\"auto, (max-width: 166px) 100vw, 166px\" \/><\/figure>\n<\/div><\/div>\n<\/div><\/div>\n<\/div><\/div>\n<\/div><\/div>\n\n\n\n<p><\/p>\n","protected":false},"excerpt":{"rendered":"<p>Ce projet n&rsquo;aurait pu voir le jour sans la contribution essentielle de nos partenaires, de nos collaborateurs et [&hellip;]<\/p>\n","protected":false},"author":4,"featured_media":0,"parent":0,"menu_order":3,"comment_status":"closed","ping_status":"closed","template":"","meta":{"footnotes":""},"class_list":["post-138","page","type-page","status-publish","hentry"],"_links":{"self":[{"href":"https:\/\/geoweb.cedvs.umontreal.ca\/geolibre\/index.php\/wp-json\/wp\/v2\/pages\/138","targetHints":{"allow":["GET"]}}],"collection":[{"href":"https:\/\/geoweb.cedvs.umontreal.ca\/geolibre\/index.php\/wp-json\/wp\/v2\/pages"}],"about":[{"href":"https:\/\/geoweb.cedvs.umontreal.ca\/geolibre\/index.php\/wp-json\/wp\/v2\/types\/page"}],"author":[{"embeddable":true,"href":"https:\/\/geoweb.cedvs.umontreal.ca\/geolibre\/index.php\/wp-json\/wp\/v2\/users\/4"}],"replies":[{"embeddable":true,"href":"https:\/\/geoweb.cedvs.umontreal.ca\/geolibre\/index.php\/wp-json\/wp\/v2\/comments?post=138"}],"version-history":[{"count":45,"href":"https:\/\/geoweb.cedvs.umontreal.ca\/geolibre\/index.php\/wp-json\/wp\/v2\/pages\/138\/revisions"}],"predecessor-version":[{"id":747,"href":"https:\/\/geoweb.cedvs.umontreal.ca\/geolibre\/index.php\/wp-json\/wp\/v2\/pages\/138\/revisions\/747"}],"wp:attachment":[{"href":"https:\/\/geoweb.cedvs.umontreal.ca\/geolibre\/index.php\/wp-json\/wp\/v2\/media?parent=138"}],"curies":[{"name":"wp","href":"https:\/\/api.w.org\/{rel}","templated":true}]}}